{"id":19,"date":"2024-09-06T19:23:16","date_gmt":"2024-09-06T22:23:16","guid":{"rendered":"https:\/\/unionmotorcycles.com.br\/?page_id=19"},"modified":"2025-03-11T09:49:25","modified_gmt":"2025-03-11T12:49:25","slug":"personalizacao","status":"publish","type":"page","link":"https:\/\/unionmotorcycles.com.br\/index.php\/personalizacao\/","title":{"rendered":"PINTURAS"},"content":{"rendered":"\t\t<div data-elementor-type=\"wp-page\" data-elementor-id=\"19\" class=\"elementor elementor-19\" data-elementor-post-type=\"page\">\n\t\t\t\t<div class=\"elementor-element elementor-element-07fa07e e-con-full elementor-hidden-mobile e-flex wpr-particle-no wpr-jarallax-no wpr-parallax-no wpr-sticky-section-no e-con e-parent\" data-id=\"07fa07e\" data-element_type=\"container\">\n\t\t\t\t<div class=\"elementor-element elementor-element-e4b2534 elementor-widget__width-inherit elementor-widget elementor-widget-image\" data-id=\"e4b2534\" data-element_type=\"widget\" data-widget_type=\"image.default\">\n\t\t\t\t<div class=\"elementor-widget-container\">\n\t\t\t\t\t\t\t\t\t\t\t\t\t<img fetchpriority=\"high\" decoding=\"async\" width=\"2560\" height=\"1134\" src=\"https:\/\/unionmotorcycles.com.br\/wp-content\/uploads\/2024\/10\/Banner-Principal-Pinturas-1-scaled.jpg\" class=\"attachment-full size-full wp-image-4332\" alt=\"\" srcset=\"https:\/\/unionmotorcycles.com.br\/wp-content\/uploads\/2024\/10\/Banner-Principal-Pinturas-1-scaled.jpg 2560w, https:\/\/unionmotorcycles.com.br\/wp-content\/uploads\/2024\/10\/Banner-Principal-Pinturas-1-300x133.jpg 300w, https:\/\/unionmotorcycles.com.br\/wp-content\/uploads\/2024\/10\/Banner-Principal-Pinturas-1-1024x454.jpg 1024w, https:\/\/unionmotorcycles.com.br\/wp-content\/uploads\/2024\/10\/Banner-Principal-Pinturas-1-768x340.jpg 768w, https:\/\/unionmotorcycles.com.br\/wp-content\/uploads\/2024\/10\/Banner-Principal-Pinturas-1-1536x681.jpg 1536w, https:\/\/unionmotorcycles.com.br\/wp-content\/uploads\/2024\/10\/Banner-Principal-Pinturas-1-2048x907.jpg 2048w\" sizes=\"(max-width: 2560px) 100vw, 2560px\" \/>\t\t\t\t\t\t\t\t\t\t\t\t\t<\/div>\n\t\t\t\t<\/div>\n\t\t\t\t<\/div>\n\t\t<div class=\"elementor-element elementor-element-4a80e2b elementor-hidden-desktop elementor-hidden-laptop elementor-hidden-tablet elementor-hidden-tablet_extra e-flex e-con-boxed wpr-particle-no wpr-jarallax-no wpr-parallax-no wpr-sticky-section-no e-con e-parent\" data-id=\"4a80e2b\" data-element_type=\"container\">\n\t\t\t\t\t<div class=\"e-con-inner\">\n\t\t\t\t<div class=\"elementor-element elementor-element-5d4e6f2 elementor-widget__width-inherit elementor-widget elementor-widget-image\" data-id=\"5d4e6f2\" data-element_type=\"widget\" data-widget_type=\"image.default\">\n\t\t\t\t<div class=\"elementor-widget-container\">\n\t\t\t\t\t\t\t\t\t\t\t\t\t<img decoding=\"async\" width=\"800\" height=\"355\" src=\"https:\/\/unionmotorcycles.com.br\/wp-content\/uploads\/2024\/10\/Banner-Principal-Pinturas-1024x454.jpg\" class=\"attachment-large size-large wp-image-4328\" alt=\"\" srcset=\"https:\/\/unionmotorcycles.com.br\/wp-content\/uploads\/2024\/10\/Banner-Principal-Pinturas-1024x454.jpg 1024w, https:\/\/unionmotorcycles.com.br\/wp-content\/uploads\/2024\/10\/Banner-Principal-Pinturas-300x133.jpg 300w, https:\/\/unionmotorcycles.com.br\/wp-content\/uploads\/2024\/10\/Banner-Principal-Pinturas-768x340.jpg 768w, https:\/\/unionmotorcycles.com.br\/wp-content\/uploads\/2024\/10\/Banner-Principal-Pinturas-1536x681.jpg 1536w, https:\/\/unionmotorcycles.com.br\/wp-content\/uploads\/2024\/10\/Banner-Principal-Pinturas-2048x907.jpg 2048w\" sizes=\"(max-width: 800px) 100vw, 800px\" \/>\t\t\t\t\t\t\t\t\t\t\t\t\t<\/div>\n\t\t\t\t<\/div>\n\t\t\t\t\t<\/div>\n\t\t\t\t<\/div>\n\t\t<div class=\"elementor-element elementor-element-74b9417 e-flex e-con-boxed wpr-particle-no wpr-jarallax-no wpr-parallax-no wpr-sticky-section-no e-con e-parent\" data-id=\"74b9417\" data-element_type=\"container\">\n\t\t\t\t\t<div class=\"e-con-inner\">\n\t\t<div class=\"elementor-element elementor-element-0cb7e76 e-con-full e-flex wpr-particle-no wpr-jarallax-no wpr-parallax-no wpr-sticky-section-no e-con e-child\" data-id=\"0cb7e76\" data-element_type=\"container\">\n\t\t\t\t<div class=\"elementor-element elementor-element-15be6f9 elementor-widget__width-initial elementor-widget-tablet__width-initial elementor-widget-mobile__width-auto elementor-widget elementor-widget-heading\" data-id=\"15be6f9\" data-element_type=\"widget\" data-widget_type=\"heading.default\">\n\t\t\t\t<div class=\"elementor-widget-container\">\n\t\t\t<h2 class=\"elementor-heading-title elementor-size-default\">pinturas especiais<\/h2>\t\t<\/div>\n\t\t\t\t<\/div>\n\t\t\t\t<div class=\"elementor-element elementor-element-6f2a74d elementor-widget__width-initial elementor-widget-mobile__width-initial elementor-widget elementor-widget-text-editor\" data-id=\"6f2a74d\" data-element_type=\"widget\" data-widget_type=\"text-editor.default\">\n\t\t\t\t<div class=\"elementor-widget-container\">\n\t\t\t\t\t\t\t<p><span style=\"font-family: Montserrat; font-size: 12px;\">Refer\u00eancia no segmento de pinturas originais e especiais.<\/span><\/p>\t\t\t\t\t\t<\/div>\n\t\t\t\t<\/div>\n\t\t\t\t<div class=\"elementor-element elementor-element-3fe2620 elementor-widget__width-initial elementor-widget elementor-widget-text-editor\" data-id=\"3fe2620\" data-element_type=\"widget\" data-widget_type=\"text-editor.default\">\n\t\t\t\t<div class=\"elementor-widget-container\">\n\t\t\t\t\t\t\t<p><span style=\"font-size: 13px;\"><span style=\"font-family: Montserrat;\">A Union Special Paint \u00e9 a divis\u00e3o de pinturas especiais\u00a0 <\/span><span style=\"font-family: Montserrat;\">e originais da Union Motorcycles.<\/span><\/span><\/p>\t\t\t\t\t\t<\/div>\n\t\t\t\t<\/div>\n\t\t\t\t<div class=\"elementor-element elementor-element-4db44a9 elementor-widget__width-initial elementor-widget elementor-widget-text-editor\" data-id=\"4db44a9\" data-element_type=\"widget\" data-widget_type=\"text-editor.default\">\n\t\t\t\t<div class=\"elementor-widget-container\">\n\t\t\t\t\t\t\t<p><span style=\"font-size: 13px; font-family: Montserrat;\">\u00danica do segmento que possui um est\u00fadio pr\u00f3prio de personaliza\u00e7\u00e3o e repara\u00e7\u00e3o de pinturas, que foca na perfei\u00e7\u00e3o, qualidade e a na intera\u00e7\u00e3o com o cliente.<\/span><\/p>\t\t\t\t\t\t<\/div>\n\t\t\t\t<\/div>\n\t\t<div class=\"elementor-element elementor-element-17d5782 e-grid e-con-full wpr-particle-no wpr-jarallax-no wpr-parallax-no wpr-sticky-section-no e-con e-child\" data-id=\"17d5782\" data-element_type=\"container\">\n\t\t\t\t<div class=\"elementor-element elementor-element-8a8b592 elementor-widget__width-initial elementor-widget elementor-widget-image\" data-id=\"8a8b592\" data-element_type=\"widget\" data-widget_type=\"image.default\">\n\t\t\t\t<div class=\"elementor-widget-container\">\n\t\t\t\t\t\t\t\t\t\t\t\t\t<img decoding=\"async\" src=\"https:\/\/unionmotorcycles.com.br\/wp-content\/uploads\/2024\/09\/logo-marca-pressure-2-3.svg\" title=\"pressure-logo\" alt=\"pressure-logo\" loading=\"lazy\" \/>\t\t\t\t\t\t\t\t\t\t\t\t\t<\/div>\n\t\t\t\t<\/div>\n\t\t\t\t<div class=\"elementor-element elementor-element-fef63d7 elementor-widget__width-initial elementor-widget elementor-widget-image\" data-id=\"fef63d7\" data-element_type=\"widget\" data-widget_type=\"image.default\">\n\t\t\t\t<div class=\"elementor-widget-container\">\n\t\t\t\t\t\t\t\t\t\t\t\t\t<img decoding=\"async\" width=\"52\" height=\"40\" src=\"https:\/\/unionmotorcycles.com.br\/wp-content\/uploads\/2024\/09\/pngwing.com-2.svg\" class=\"attachment-large size-large wp-image-472\" alt=\"\" \/>\t\t\t\t\t\t\t\t\t\t\t\t\t<\/div>\n\t\t\t\t<\/div>\n\t\t\t\t<\/div>\n\t\t\t\t<div class=\"elementor-element elementor-element-f6f4a1e elementor-widget__width-initial elementor-widget elementor-widget-text-editor\" data-id=\"f6f4a1e\" data-element_type=\"widget\" data-widget_type=\"text-editor.default\">\n\t\t\t\t<div class=\"elementor-widget-container\">\n\t\t\t\t\t\t\t<p><span style=\"white-space: pre-wrap; font-size: 13px; font-family: Montserrat;\">A Union Special Paint trabalha com mat\u00e9rias-primas e insumos de primeira linha e re\u00fanem os melhores profissionais do mercado, estes com mais de 15 anos de experi\u00eancia. <\/span><\/p>\t\t\t\t\t\t<\/div>\n\t\t\t\t<\/div>\n\t\t\t\t<div class=\"elementor-element elementor-element-60f545a elementor-widget__width-initial elementor-widget elementor-widget-text-editor\" data-id=\"60f545a\" data-element_type=\"widget\" data-widget_type=\"text-editor.default\">\n\t\t\t\t<div class=\"elementor-widget-container\">\n\t\t\t\t\t\t\t<p><span style=\"white-space: pre-wrap; font-size: 13px; font-family: Montserrat;\">Nosso foco \u00e9 atender o cliente sempre da melhor forma poss\u00edvel.<\/span><\/p>\t\t\t\t\t\t<\/div>\n\t\t\t\t<\/div>\n\t\t\t\t<\/div>\n\t\t<div class=\"elementor-element elementor-element-0c2c044 e-con-full e-flex wpr-particle-no wpr-jarallax-no wpr-parallax-no wpr-sticky-section-no e-con e-child\" data-id=\"0c2c044\" data-element_type=\"container\">\n\t\t\t\t<div class=\"elementor-element elementor-element-33fba56 elementor-widget__width-initial elementor-widget elementor-widget-image\" data-id=\"33fba56\" data-element_type=\"widget\" data-widget_type=\"image.default\">\n\t\t\t\t<div class=\"elementor-widget-container\">\n\t\t\t\t\t\t\t\t\t\t\t\t\t<img decoding=\"async\" src=\"https:\/\/unionmotorcycles.com.br\/wp-content\/uploads\/elementor\/thumbs\/Rectangle-4-1-1-qvloplj3ttd2qtppttht89crpq9p831fjwsdcacamw.jpg\" title=\"Personalizacao\" alt=\"Personalizacao\" loading=\"lazy\" \/>\t\t\t\t\t\t\t\t\t\t\t\t\t<\/div>\n\t\t\t\t<\/div>\n\t\t\t\t<\/div>\n\t\t\t\t\t<\/div>\n\t\t\t\t<\/div>\n\t\t<div class=\"elementor-element elementor-element-6550037 e-flex e-con-boxed wpr-particle-no wpr-jarallax-no wpr-parallax-no wpr-sticky-section-no e-con e-parent\" data-id=\"6550037\" data-element_type=\"container\">\n\t\t\t\t\t<div class=\"e-con-inner\">\n\t\t\t\t<div class=\"elementor-element elementor-element-8c354ea elementor-widget__width-initial elementor-widget-mobile__width-initial elementor-fixed elementor-widget elementor-widget-image\" data-id=\"8c354ea\" data-element_type=\"widget\" data-settings=\"{&quot;_position&quot;:&quot;fixed&quot;}\" data-widget_type=\"image.default\">\n\t\t\t\t<div class=\"elementor-widget-container\">\n\t\t\t\t\t\t\t\t\t\t\t\t\t\t<a href=\"https:\/\/api.whatsapp.com\/send?phone=5511920389521\">\n\t\t\t\t\t\t\t<img loading=\"lazy\" decoding=\"async\" width=\"314\" height=\"53\" src=\"https:\/\/unionmotorcycles.com.br\/wp-content\/uploads\/2024\/09\/Group-431-4.svg\" class=\"elementor-animation-grow attachment-large size-large wp-image-3038\" alt=\"\" \/>\t\t\t\t\t\t\t\t<\/a>\n\t\t\t\t\t\t\t\t\t\t\t\t\t<\/div>\n\t\t\t\t<\/div>\n\t\t\t\t\t<\/div>\n\t\t\t\t<\/div>\n\t\t<div class=\"elementor-element elementor-element-6b7ca53 e-con-full e-flex wpr-particle-no wpr-jarallax-no wpr-parallax-no wpr-sticky-section-no e-con e-parent\" data-id=\"6b7ca53\" data-element_type=\"container\">\n\t\t\t\t<div class=\"elementor-element elementor-element-c471a55 elementor-pagination-position-inside elementor-arrows-position-inside elementor-widget elementor-widget-image-carousel\" data-id=\"c471a55\" data-element_type=\"widget\" id=\"slider-pinturas\" data-settings=\"{&quot;autoplay_speed&quot;:7000,&quot;image_spacing_custom&quot;:{&quot;unit&quot;:&quot;px&quot;,&quot;size&quot;:&quot;&quot;,&quot;sizes&quot;:[]},&quot;navigation&quot;:&quot;both&quot;,&quot;autoplay&quot;:&quot;yes&quot;,&quot;pause_on_hover&quot;:&quot;yes&quot;,&quot;pause_on_interaction&quot;:&quot;yes&quot;,&quot;infinite&quot;:&quot;yes&quot;,&quot;speed&quot;:500,&quot;image_spacing_custom_laptop&quot;:{&quot;unit&quot;:&quot;px&quot;,&quot;size&quot;:&quot;&quot;,&quot;sizes&quot;:[]},&quot;image_spacing_custom_tablet_extra&quot;:{&quot;unit&quot;:&quot;px&quot;,&quot;size&quot;:&quot;&quot;,&quot;sizes&quot;:[]},&quot;image_spacing_custom_tablet&quot;:{&quot;unit&quot;:&quot;px&quot;,&quot;size&quot;:&quot;&quot;,&quot;sizes&quot;:[]},&quot;image_spacing_custom_mobile&quot;:{&quot;unit&quot;:&quot;px&quot;,&quot;size&quot;:&quot;&quot;,&quot;sizes&quot;:[]}}\" data-widget_type=\"image-carousel.default\">\n\t\t\t\t<div class=\"elementor-widget-container\">\n\t\t\t\t\t<div class=\"elementor-image-carousel-wrapper swiper\" dir=\"ltr\">\n\t\t\t<div class=\"elementor-image-carousel swiper-wrapper swiper-image-stretch\" aria-live=\"off\">\n\t\t\t\t\t\t\t\t<div class=\"swiper-slide\" role=\"group\" aria-roledescription=\"slide\" aria-label=\"1 de 5\"><figure class=\"swiper-slide-inner\"><img decoding=\"async\" class=\"swiper-slide-image\" src=\"https:\/\/unionmotorcycles.com.br\/wp-content\/uploads\/2024\/10\/Imagem-Pintura-Desktop-1.jpg\" alt=\"Imagem Pintura - Desktop 1\" \/><\/figure><\/div><div class=\"swiper-slide\" role=\"group\" aria-roledescription=\"slide\" aria-label=\"2 de 5\"><figure class=\"swiper-slide-inner\"><img decoding=\"async\" class=\"swiper-slide-image\" src=\"https:\/\/unionmotorcycles.com.br\/wp-content\/uploads\/2024\/10\/Imagem-Pintura-Desktop-2.jpg\" alt=\"Imagem Pintura - Desktop 2\" \/><\/figure><\/div><div class=\"swiper-slide\" role=\"group\" aria-roledescription=\"slide\" aria-label=\"3 de 5\"><figure class=\"swiper-slide-inner\"><img decoding=\"async\" class=\"swiper-slide-image\" src=\"https:\/\/unionmotorcycles.com.br\/wp-content\/uploads\/2024\/10\/Imagem-Pintura-Desktop-3.jpg\" alt=\"Imagem Pintura - Desktop 3\" \/><\/figure><\/div><div class=\"swiper-slide\" role=\"group\" aria-roledescription=\"slide\" aria-label=\"4 de 5\"><figure class=\"swiper-slide-inner\"><img decoding=\"async\" class=\"swiper-slide-image\" src=\"https:\/\/unionmotorcycles.com.br\/wp-content\/uploads\/2024\/10\/Imagem-Pintura-Desktop-4.jpg\" alt=\"Imagem Pintura - Desktop 4\" \/><\/figure><\/div><div class=\"swiper-slide\" role=\"group\" aria-roledescription=\"slide\" aria-label=\"5 de 5\"><figure class=\"swiper-slide-inner\"><img decoding=\"async\" class=\"swiper-slide-image\" src=\"https:\/\/unionmotorcycles.com.br\/wp-content\/uploads\/2024\/10\/Imagem-Pintura-Desktop-5.jpg\" alt=\"Imagem Pintura - Desktop 5\" \/><\/figure><\/div>\t\t\t<\/div>\n\t\t\t\t\t\t\t\t\t\t\t\t<div class=\"elementor-swiper-button elementor-swiper-button-prev\" role=\"button\" tabindex=\"0\">\n\t\t\t\t\t\t<svg xmlns=\"http:\/\/www.w3.org\/2000\/svg\" width=\"35\" height=\"36\" viewBox=\"0 0 35 36\" fill=\"none\"><rect width=\"35\" height=\"35\" transform=\"matrix(-1 0 0 1 35 0.5)\" fill=\"#FFD600\" fill-opacity=\"0.7\"><\/rect><path d=\"M15.9279 18.0002L23.2596 10.6686L21.1653 8.57422L11.7393 18.0002L21.1653 27.4263L23.2596 25.3319L15.9279 18.0002Z\" fill=\"black\"><\/path><\/svg>\t\t\t\t\t<\/div>\n\t\t\t\t\t<div class=\"elementor-swiper-button elementor-swiper-button-next\" role=\"button\" tabindex=\"0\">\n\t\t\t\t\t\t<svg xmlns=\"http:\/\/www.w3.org\/2000\/svg\" width=\"35\" height=\"36\" viewBox=\"0 0 35 36\" fill=\"none\"><rect y=\"0.5\" width=\"35\" height=\"35\" fill=\"#FFD600\" fill-opacity=\"0.7\"><\/rect><path d=\"M19.0721 18.0002L11.7404 10.6686L13.8347 8.57422L23.2607 18.0002L13.8347 27.4263L11.7404 25.3319L19.0721 18.0002Z\" fill=\"black\"><\/path><\/svg>\t\t\t\t\t<\/div>\n\t\t\t\t\n\t\t\t\t\t\t\t\t\t<div class=\"swiper-pagination\"><\/div>\n\t\t\t\t\t\t\t\t\t<\/div>\n\t\t\t\t<\/div>\n\t\t\t\t<\/div>\n\t\t\t\t<\/div>\n\t\t\t\t<\/div>\n\t\t","protected":false},"excerpt":{"rendered":"<p>pinturas especiais Refer\u00eancia no segmento de pinturas originais e especiais. A Union Special Paint \u00e9 a divis\u00e3o de pinturas especiais\u00a0 e originais da Union Motorcycles. \u00danica do segmento que possui um est\u00fadio pr\u00f3prio de personaliza\u00e7\u00e3o e repara\u00e7\u00e3o de pinturas, que foca na perfei\u00e7\u00e3o, qualidade e a na intera\u00e7\u00e3o com o cliente. A Union Special Paint trabalha com mat\u00e9rias-primas e insumos de primeira linha e re\u00fanem os melhores profissionais do mercado, estes com mais de 15 anos de experi\u00eancia. Nosso foco \u00e9 atender o cliente sempre da melhor forma poss\u00edvel.<\/p>\n","protected":false},"author":1,"featured_media":0,"parent":0,"menu_order":0,"comment_status":"closed","ping_status":"closed","template":"","meta":{"footnotes":""},"class_list":["post-19","page","type-page","status-publish","hentry"],"_links":{"self":[{"href":"https:\/\/unionmotorcycles.com.br\/index.php\/wp-json\/wp\/v2\/pages\/19","targetHints":{"allow":["GET"]}}],"collection":[{"href":"https:\/\/unionmotorcycles.com.br\/index.php\/wp-json\/wp\/v2\/pages"}],"about":[{"href":"https:\/\/unionmotorcycles.com.br\/index.php\/wp-json\/wp\/v2\/types\/page"}],"author":[{"embeddable":true,"href":"https:\/\/unionmotorcycles.com.br\/index.php\/wp-json\/wp\/v2\/users\/1"}],"replies":[{"embeddable":true,"href":"https:\/\/unionmotorcycles.com.br\/index.php\/wp-json\/wp\/v2\/comments?post=19"}],"version-history":[{"count":216,"href":"https:\/\/unionmotorcycles.com.br\/index.php\/wp-json\/wp\/v2\/pages\/19\/revisions"}],"predecessor-version":[{"id":5674,"href":"https:\/\/unionmotorcycles.com.br\/index.php\/wp-json\/wp\/v2\/pages\/19\/revisions\/5674"}],"wp:attachment":[{"href":"https:\/\/unionmotorcycles.com.br\/index.php\/wp-json\/wp\/v2\/media?parent=19"}],"curies":[{"name":"wp","href":"https:\/\/api.w.org\/{rel}","templated":true}]}}