{"id":2070,"date":"2024-09-24T16:20:04","date_gmt":"2024-09-24T19:20:04","guid":{"rendered":"https:\/\/unionmotorcycles.com.br\/?page_id=2070"},"modified":"2025-03-11T09:49:53","modified_gmt":"2025-03-11T12:49:53","slug":"projetos","status":"publish","type":"page","link":"https:\/\/unionmotorcycles.com.br\/index.php\/projetos\/","title":{"rendered":"PROJETOS"},"content":{"rendered":"\t\t<div data-elementor-type=\"wp-page\" data-elementor-id=\"2070\" class=\"elementor elementor-2070\" data-elementor-post-type=\"page\">\n\t\t\t\t<div class=\"elementor-element elementor-element-1bcbb229 e-con-full elementor-hidden-mobile e-flex wpr-particle-no wpr-jarallax-no wpr-parallax-no wpr-sticky-section-no e-con e-parent\" data-id=\"1bcbb229\" data-element_type=\"container\">\n\t\t\t\t<div class=\"elementor-element elementor-element-3895058e elementor-widget__width-inherit elementor-widget elementor-widget-image\" data-id=\"3895058e\" data-element_type=\"widget\" data-widget_type=\"image.default\">\n\t\t\t\t<div class=\"elementor-widget-container\">\n\t\t\t\t\t\t\t\t\t\t\t\t\t<img fetchpriority=\"high\" decoding=\"async\" width=\"2560\" height=\"1134\" src=\"https:\/\/unionmotorcycles.com.br\/wp-content\/uploads\/2024\/09\/Rectangle-3-_14_-scaled.webp\" class=\"attachment-full size-full wp-image-2273\" alt=\"\" srcset=\"https:\/\/unionmotorcycles.com.br\/wp-content\/uploads\/2024\/09\/Rectangle-3-_14_-scaled.webp 2560w, https:\/\/unionmotorcycles.com.br\/wp-content\/uploads\/2024\/09\/Rectangle-3-_14_-300x133.webp 300w, https:\/\/unionmotorcycles.com.br\/wp-content\/uploads\/2024\/09\/Rectangle-3-_14_-1024x454.webp 1024w, https:\/\/unionmotorcycles.com.br\/wp-content\/uploads\/2024\/09\/Rectangle-3-_14_-768x340.webp 768w, https:\/\/unionmotorcycles.com.br\/wp-content\/uploads\/2024\/09\/Rectangle-3-_14_-1536x681.webp 1536w, https:\/\/unionmotorcycles.com.br\/wp-content\/uploads\/2024\/09\/Rectangle-3-_14_-2048x907.webp 2048w\" sizes=\"(max-width: 2560px) 100vw, 2560px\" \/>\t\t\t\t\t\t\t\t\t\t\t\t\t<\/div>\n\t\t\t\t<\/div>\n\t\t\t\t<\/div>\n\t\t<div class=\"elementor-element elementor-element-2a93ad5 e-con-full elementor-hidden-desktop elementor-hidden-laptop elementor-hidden-tablet_extra elementor-hidden-tablet e-flex wpr-particle-no wpr-jarallax-no wpr-parallax-no wpr-sticky-section-no e-con e-parent\" data-id=\"2a93ad5\" data-element_type=\"container\">\n\t\t\t\t<div class=\"elementor-element elementor-element-275d0c2 elementor-widget elementor-widget-image\" data-id=\"275d0c2\" data-element_type=\"widget\" data-widget_type=\"image.default\">\n\t\t\t\t<div class=\"elementor-widget-container\">\n\t\t\t\t\t\t\t\t\t\t\t\t\t<img decoding=\"async\" width=\"781\" height=\"840\" src=\"https:\/\/unionmotorcycles.com.br\/wp-content\/uploads\/2024\/09\/Rectangle-287.jpg\" class=\"attachment-large size-large wp-image-2573\" alt=\"\" srcset=\"https:\/\/unionmotorcycles.com.br\/wp-content\/uploads\/2024\/09\/Rectangle-287.jpg 781w, https:\/\/unionmotorcycles.com.br\/wp-content\/uploads\/2024\/09\/Rectangle-287-279x300.jpg 279w, https:\/\/unionmotorcycles.com.br\/wp-content\/uploads\/2024\/09\/Rectangle-287-768x826.jpg 768w\" sizes=\"(max-width: 781px) 100vw, 781px\" \/>\t\t\t\t\t\t\t\t\t\t\t\t\t<\/div>\n\t\t\t\t<\/div>\n\t\t\t\t<\/div>\n\t\t<div class=\"elementor-element elementor-element-788920d0 e-flex e-con-boxed wpr-particle-no wpr-jarallax-no wpr-parallax-no wpr-sticky-section-no e-con e-parent\" data-id=\"788920d0\" data-element_type=\"container\">\n\t\t\t\t\t<div class=\"e-con-inner\">\n\t\t<div class=\"elementor-element elementor-element-b8d4777 e-con-full e-flex wpr-particle-no wpr-jarallax-no wpr-parallax-no wpr-sticky-section-no e-con e-child\" data-id=\"b8d4777\" data-element_type=\"container\">\n\t\t\t\t<div class=\"elementor-element elementor-element-5b08655c elementor-widget__width-initial elementor-widget-tablet__width-initial elementor-widget-mobile__width-initial elementor-widget elementor-widget-heading\" data-id=\"5b08655c\" data-element_type=\"widget\" data-widget_type=\"heading.default\">\n\t\t\t\t<div class=\"elementor-widget-container\">\n\t\t\t<h2 class=\"elementor-heading-title elementor-size-default\">Projetos especiais<\/h2>\t\t<\/div>\n\t\t\t\t<\/div>\n\t\t\t\t<div class=\"elementor-element elementor-element-3dfdc20e elementor-widget__width-initial elementor-widget-mobile__width-initial elementor-widget elementor-widget-text-editor\" data-id=\"3dfdc20e\" data-element_type=\"widget\" data-widget_type=\"text-editor.default\">\n\t\t\t\t<div class=\"elementor-widget-container\">\n\t\t\t\t\t\t\t<p>Projetos especiais personalizados para a sua motocicleta.<\/p>\t\t\t\t\t\t<\/div>\n\t\t\t\t<\/div>\n\t\t\t\t<div class=\"elementor-element elementor-element-b42b525 elementor-widget__width-initial elementor-widget elementor-widget-text-editor\" data-id=\"b42b525\" data-element_type=\"widget\" data-widget_type=\"text-editor.default\">\n\t\t\t\t<div class=\"elementor-widget-container\">\n\t\t\t\t\t\t\t<p>Na Union Motorcycles, oferecemos servi\u00e7os de customiza\u00e7\u00e3o \u2028que v\u00e3o al\u00e9m do comum.<\/p>\t\t\t\t\t\t<\/div>\n\t\t\t\t<\/div>\n\t\t\t\t<div class=\"elementor-element elementor-element-26951165 elementor-widget__width-initial elementor-widget elementor-widget-text-editor\" data-id=\"26951165\" data-element_type=\"widget\" data-widget_type=\"text-editor.default\">\n\t\t\t\t<div class=\"elementor-widget-container\">\n\t\t\t\t\t\t\t<p>Acreditamos que cada motociclista merece uma m\u00e1quina que reflita sua personalidade e paix\u00e3o. Oferecemos servi\u00e7os completos de customiza\u00e7\u00e3o, desde ajustes no design e pintura.<\/p>\t\t\t\t\t\t<\/div>\n\t\t\t\t<\/div>\n\t\t\t\t<div class=\"elementor-element elementor-element-64be5e76 elementor-widget__width-initial elementor-widget elementor-widget-text-editor\" data-id=\"64be5e76\" data-element_type=\"widget\" data-widget_type=\"text-editor.default\">\n\t\t\t\t<div class=\"elementor-widget-container\">\n\t\t\t\t\t\t\t<p>Seja para dar aquele toque de exclusividade ou transformar completamente sua moto, nosso objetivo \u00e9 criar algo que se destaque na estrada. Cada detalhe \u00e9 cuidadosamente ajustado para criar uma moto verdadeiramente \u00fanica. <\/p>\t\t\t\t\t\t<\/div>\n\t\t\t\t<\/div>\n\t\t\t\t<div class=\"elementor-element elementor-element-0075078 elementor-widget__width-initial elementor-widget elementor-widget-text-editor\" data-id=\"0075078\" data-element_type=\"widget\" data-widget_type=\"text-editor.default\">\n\t\t\t\t<div class=\"elementor-widget-container\">\n\t\t\t\t\t\t\t<p>Com uma equipe especializada e um processo criativo focado nos m\u00ednimos detalhes, trabalhamos junto com voc\u00ea para garantir que sua moto seja \u00fanica, e, acima de tudo, fiel ao seu estilo. <\/p>\t\t\t\t\t\t<\/div>\n\t\t\t\t<\/div>\n\t\t\t\t<div class=\"elementor-element elementor-element-af82c50 elementor-widget__width-initial elementor-widget elementor-widget-text-editor\" data-id=\"af82c50\" data-element_type=\"widget\" data-widget_type=\"text-editor.default\">\n\t\t\t\t<div class=\"elementor-widget-container\">\n\t\t\t\t\t\t\t<p>Explore nosso portf\u00f3lio de projetos e descubra como podemos elevar sua experi\u00eancia para o pr\u00f3ximo n\u00edvel.\u00a0<\/p>\t\t\t\t\t\t<\/div>\n\t\t\t\t<\/div>\n\t\t\t\t<\/div>\n\t\t<div class=\"elementor-element elementor-element-ad67052 e-con-full e-flex wpr-particle-no wpr-jarallax-no wpr-parallax-no wpr-sticky-section-no e-con e-child\" data-id=\"ad67052\" data-element_type=\"container\">\n\t\t\t\t<div class=\"elementor-element elementor-element-495c0a7b elementor-widget__width-initial elementor-widget elementor-widget-image\" data-id=\"495c0a7b\" data-element_type=\"widget\" data-widget_type=\"image.default\">\n\t\t\t\t<div class=\"elementor-widget-container\">\n\t\t\t\t\t\t\t\t\t\t\t\t\t<img decoding=\"async\" width=\"1017\" height=\"1016\" src=\"https:\/\/unionmotorcycles.com.br\/wp-content\/uploads\/2024\/10\/Rectangle-4-1.jpg\" class=\"attachment-full size-full wp-image-4319\" alt=\"\" srcset=\"https:\/\/unionmotorcycles.com.br\/wp-content\/uploads\/2024\/10\/Rectangle-4-1.jpg 1017w, https:\/\/unionmotorcycles.com.br\/wp-content\/uploads\/2024\/10\/Rectangle-4-1-300x300.jpg 300w, https:\/\/unionmotorcycles.com.br\/wp-content\/uploads\/2024\/10\/Rectangle-4-1-150x150.jpg 150w, https:\/\/unionmotorcycles.com.br\/wp-content\/uploads\/2024\/10\/Rectangle-4-1-768x767.jpg 768w\" sizes=\"(max-width: 1017px) 100vw, 1017px\" \/>\t\t\t\t\t\t\t\t\t\t\t\t\t<\/div>\n\t\t\t\t<\/div>\n\t\t\t\t<\/div>\n\t\t\t\t<div class=\"elementor-element elementor-element-ff060f9 elementor-widget__width-initial elementor-widget-mobile__width-initial elementor-fixed elementor-widget elementor-widget-image\" data-id=\"ff060f9\" data-element_type=\"widget\" data-settings=\"{&quot;_position&quot;:&quot;fixed&quot;}\" data-widget_type=\"image.default\">\n\t\t\t\t<div class=\"elementor-widget-container\">\n\t\t\t\t\t\t\t\t\t\t\t\t\t\t<a href=\"https:\/\/api.whatsapp.com\/send?phone=5511920389521\">\n\t\t\t\t\t\t\t<img loading=\"lazy\" decoding=\"async\" width=\"314\" height=\"53\" src=\"https:\/\/unionmotorcycles.com.br\/wp-content\/uploads\/2024\/09\/Group-431-4.svg\" class=\"elementor-animation-grow attachment-large size-large wp-image-3038\" alt=\"\" \/>\t\t\t\t\t\t\t\t<\/a>\n\t\t\t\t\t\t\t\t\t\t\t\t\t<\/div>\n\t\t\t\t<\/div>\n\t\t\t\t\t<\/div>\n\t\t\t\t<\/div>\n\t\t<div class=\"elementor-element elementor-element-8bb3627 e-con-full e-flex wpr-particle-no wpr-jarallax-no wpr-parallax-no wpr-sticky-section-no e-con e-parent\" data-id=\"8bb3627\" data-element_type=\"container\">\n\t\t\t\t<div class=\"elementor-element elementor-element-e9f0050 elementor-pagination-position-inside elementor-arrows-position-inside elementor-widget elementor-widget-image-carousel\" data-id=\"e9f0050\" data-element_type=\"widget\" id=\"slider-projetos\" data-settings=\"{&quot;slides_to_show&quot;:&quot;3&quot;,&quot;navigation&quot;:&quot;both&quot;,&quot;autoplay&quot;:&quot;yes&quot;,&quot;pause_on_hover&quot;:&quot;yes&quot;,&quot;pause_on_interaction&quot;:&quot;yes&quot;,&quot;autoplay_speed&quot;:5000,&quot;infinite&quot;:&quot;yes&quot;,&quot;speed&quot;:500}\" data-widget_type=\"image-carousel.default\">\n\t\t\t\t<div class=\"elementor-widget-container\">\n\t\t\t\t\t<div class=\"elementor-image-carousel-wrapper swiper\" dir=\"ltr\">\n\t\t\t<div class=\"elementor-image-carousel swiper-wrapper swiper-image-stretch\" aria-live=\"off\">\n\t\t\t\t\t\t\t\t<div class=\"swiper-slide\" role=\"group\" aria-roledescription=\"slide\" aria-label=\"1 de 5\"><figure class=\"swiper-slide-inner\"><img decoding=\"async\" class=\"swiper-slide-image\" src=\"https:\/\/unionmotorcycles.com.br\/wp-content\/uploads\/2024\/10\/Imagem-960x960-Projetos.jpg\" alt=\"Imagem 960x960 Projetos\" \/><\/figure><\/div><div class=\"swiper-slide\" role=\"group\" aria-roledescription=\"slide\" aria-label=\"2 de 5\"><figure class=\"swiper-slide-inner\"><img decoding=\"async\" class=\"swiper-slide-image\" src=\"https:\/\/unionmotorcycles.com.br\/wp-content\/uploads\/2024\/10\/Imagem-960x960-Projetos-2.jpg\" alt=\"Imagem 960x960 Projetos 2\" \/><\/figure><\/div><div class=\"swiper-slide\" role=\"group\" aria-roledescription=\"slide\" aria-label=\"3 de 5\"><figure class=\"swiper-slide-inner\"><img decoding=\"async\" class=\"swiper-slide-image\" src=\"https:\/\/unionmotorcycles.com.br\/wp-content\/uploads\/2024\/10\/Imagem-960x960-Projetos-3.jpg\" alt=\"Imagem 960x960 Projetos 3\" \/><\/figure><\/div><div class=\"swiper-slide\" role=\"group\" aria-roledescription=\"slide\" aria-label=\"4 de 5\"><figure class=\"swiper-slide-inner\"><img decoding=\"async\" class=\"swiper-slide-image\" src=\"https:\/\/unionmotorcycles.com.br\/wp-content\/uploads\/2024\/10\/Imagem-960x960-Projetos-4.jpg\" alt=\"Imagem 960x960 Projetos 4\" \/><\/figure><\/div><div class=\"swiper-slide\" role=\"group\" aria-roledescription=\"slide\" aria-label=\"5 de 5\"><figure class=\"swiper-slide-inner\"><img decoding=\"async\" class=\"swiper-slide-image\" src=\"https:\/\/unionmotorcycles.com.br\/wp-content\/uploads\/2024\/10\/Imagem-960x960-Projetos-5.jpg\" alt=\"Imagem 960x960 Projetos 5\" \/><\/figure><\/div>\t\t\t<\/div>\n\t\t\t\t\t\t\t\t\t\t\t\t<div class=\"elementor-swiper-button elementor-swiper-button-prev\" role=\"button\" tabindex=\"0\">\n\t\t\t\t\t\t<svg xmlns=\"http:\/\/www.w3.org\/2000\/svg\" width=\"35\" height=\"36\" viewBox=\"0 0 35 36\" fill=\"none\"><rect width=\"35\" height=\"35\" transform=\"matrix(-1 0 0 1 35 0.5)\" fill=\"#FFD600\" fill-opacity=\"0.7\"><\/rect><path d=\"M15.9279 18.0002L23.2596 10.6686L21.1653 8.57422L11.7393 18.0002L21.1653 27.4263L23.2596 25.3319L15.9279 18.0002Z\" fill=\"black\"><\/path><\/svg>\t\t\t\t\t<\/div>\n\t\t\t\t\t<div class=\"elementor-swiper-button elementor-swiper-button-next\" role=\"button\" tabindex=\"0\">\n\t\t\t\t\t\t<svg xmlns=\"http:\/\/www.w3.org\/2000\/svg\" width=\"35\" height=\"36\" viewBox=\"0 0 35 36\" fill=\"none\"><rect y=\"0.5\" width=\"35\" height=\"35\" fill=\"#FFD600\" fill-opacity=\"0.7\"><\/rect><path d=\"M19.0721 18.0002L11.7404 10.6686L13.8347 8.57422L23.2607 18.0002L13.8347 27.4263L11.7404 25.3319L19.0721 18.0002Z\" fill=\"black\"><\/path><\/svg>\t\t\t\t\t<\/div>\n\t\t\t\t\n\t\t\t\t\t\t\t\t\t<div class=\"swiper-pagination\"><\/div>\n\t\t\t\t\t\t\t\t\t<\/div>\n\t\t\t\t<\/div>\n\t\t\t\t<\/div>\n\t\t\t\t<\/div>\n\t\t\t\t<\/div>\n\t\t","protected":false},"excerpt":{"rendered":"<p>Projetos especiais Projetos especiais personalizados para a sua motocicleta. Na Union Motorcycles, oferecemos servi\u00e7os de customiza\u00e7\u00e3o \u2028que v\u00e3o al\u00e9m do comum. Acreditamos que cada motociclista merece uma m\u00e1quina que reflita sua personalidade e paix\u00e3o. Oferecemos servi\u00e7os completos de customiza\u00e7\u00e3o, desde ajustes no design e pintura. Seja para dar aquele toque de exclusividade ou transformar completamente sua moto, nosso objetivo \u00e9 criar algo que se destaque na estrada. Cada detalhe \u00e9 cuidadosamente ajustado para criar uma moto verdadeiramente \u00fanica. Com uma equipe especializada e um processo criativo focado nos m\u00ednimos detalhes, trabalhamos junto com voc\u00ea para garantir que sua moto seja \u00fanica, e, acima de tudo, fiel ao seu estilo. Explore nosso portf\u00f3lio de projetos e descubra como podemos elevar sua experi\u00eancia para o pr\u00f3ximo n\u00edvel.\u00a0<\/p>\n","protected":false},"author":1,"featured_media":0,"parent":0,"menu_order":0,"comment_status":"closed","ping_status":"closed","template":"","meta":{"footnotes":""},"class_list":["post-2070","page","type-page","status-publish","hentry"],"_links":{"self":[{"href":"https:\/\/unionmotorcycles.com.br\/index.php\/wp-json\/wp\/v2\/pages\/2070","targetHints":{"allow":["GET"]}}],"collection":[{"href":"https:\/\/unionmotorcycles.com.br\/index.php\/wp-json\/wp\/v2\/pages"}],"about":[{"href":"https:\/\/unionmotorcycles.com.br\/index.php\/wp-json\/wp\/v2\/types\/page"}],"author":[{"embeddable":true,"href":"https:\/\/unionmotorcycles.com.br\/index.php\/wp-json\/wp\/v2\/users\/1"}],"replies":[{"embeddable":true,"href":"https:\/\/unionmotorcycles.com.br\/index.php\/wp-json\/wp\/v2\/comments?post=2070"}],"version-history":[{"count":97,"href":"https:\/\/unionmotorcycles.com.br\/index.php\/wp-json\/wp\/v2\/pages\/2070\/revisions"}],"predecessor-version":[{"id":5677,"href":"https:\/\/unionmotorcycles.com.br\/index.php\/wp-json\/wp\/v2\/pages\/2070\/revisions\/5677"}],"wp:attachment":[{"href":"https:\/\/unionmotorcycles.com.br\/index.php\/wp-json\/wp\/v2\/media?parent=2070"}],"curies":[{"name":"wp","href":"https:\/\/api.w.org\/{rel}","templated":true}]}}