{"id":25,"date":"2024-09-06T19:25:06","date_gmt":"2024-09-06T22:25:06","guid":{"rendered":"https:\/\/unionmotorcycles.com.br\/?page_id=25"},"modified":"2025-03-11T09:45:54","modified_gmt":"2025-03-11T12:45:54","slug":"localizacao","status":"publish","type":"page","link":"https:\/\/unionmotorcycles.com.br\/index.php\/localizacao\/","title":{"rendered":"LOCALIZA\u00c7\u00c3O"},"content":{"rendered":"\t\t<div data-elementor-type=\"wp-page\" data-elementor-id=\"25\" class=\"elementor elementor-25\" data-elementor-post-type=\"page\">\n\t\t\t\t<div class=\"elementor-element elementor-element-44c1b01 e-con-full e-flex wpr-particle-no wpr-jarallax-no wpr-parallax-no wpr-sticky-section-no e-con e-parent\" data-id=\"44c1b01\" data-element_type=\"container\">\n\t\t\t\t<div class=\"elementor-element elementor-element-b075181 elementor-widget__width-initial elementor-absolute elementor-widget elementor-widget-heading\" data-id=\"b075181\" data-element_type=\"widget\" data-settings=\"{&quot;_position&quot;:&quot;absolute&quot;}\" data-widget_type=\"heading.default\">\n\t\t\t\t<div class=\"elementor-widget-container\">\n\t\t\t<h2 class=\"elementor-heading-title elementor-size-default\">Rua santa justina, N.\u00ba 504<br>vila ol\u00edmpia - s\u00e3o paulo<\/h2>\t\t<\/div>\n\t\t\t\t<\/div>\n\t\t\t\t<div class=\"elementor-element elementor-element-ca3ff5d elementor-widget__width-inherit elementor-widget elementor-widget-image\" data-id=\"ca3ff5d\" data-element_type=\"widget\" data-widget_type=\"image.default\">\n\t\t\t\t<div class=\"elementor-widget-container\">\n\t\t\t\t\t\t\t\t\t\t\t\t\t<img fetchpriority=\"high\" decoding=\"async\" width=\"2560\" height=\"746\" src=\"https:\/\/unionmotorcycles.com.br\/wp-content\/uploads\/2024\/09\/localizacao_desk-scaled.webp\" class=\"attachment-full size-full wp-image-847\" alt=\"\" srcset=\"https:\/\/unionmotorcycles.com.br\/wp-content\/uploads\/2024\/09\/localizacao_desk-scaled.webp 2560w, https:\/\/unionmotorcycles.com.br\/wp-content\/uploads\/2024\/09\/localizacao_desk-300x87.webp 300w, https:\/\/unionmotorcycles.com.br\/wp-content\/uploads\/2024\/09\/localizacao_desk-1024x299.webp 1024w, https:\/\/unionmotorcycles.com.br\/wp-content\/uploads\/2024\/09\/localizacao_desk-768x224.webp 768w, https:\/\/unionmotorcycles.com.br\/wp-content\/uploads\/2024\/09\/localizacao_desk-1536x448.webp 1536w, https:\/\/unionmotorcycles.com.br\/wp-content\/uploads\/2024\/09\/localizacao_desk-2048x597.webp 2048w\" sizes=\"(max-width: 2560px) 100vw, 2560px\" \/>\t\t\t\t\t\t\t\t\t\t\t\t\t<\/div>\n\t\t\t\t<\/div>\n\t\t\t\t<\/div>\n\t\t<div class=\"elementor-element elementor-element-2822747 e-flex e-con-boxed wpr-particle-no wpr-jarallax-no wpr-parallax-no wpr-sticky-section-no e-con e-parent\" data-id=\"2822747\" data-element_type=\"container\">\n\t\t\t\t\t<div class=\"e-con-inner\">\n\t\t\t\t<div class=\"elementor-element elementor-element-ad55891 elementor-widget-mobile__width-initial elementor-widget elementor-widget-heading\" data-id=\"ad55891\" data-element_type=\"widget\" data-widget_type=\"heading.default\">\n\t\t\t\t<div class=\"elementor-widget-container\">\n\t\t\t<h2 class=\"elementor-heading-title elementor-size-default\">Entre em contato conosco<\/h2>\t\t<\/div>\n\t\t\t\t<\/div>\n\t\t\t\t<div class=\"elementor-element elementor-element-4e01cbf elementor-widget__width-initial elementor-button-align-stretch elementor-widget elementor-widget-form\" data-id=\"4e01cbf\" data-element_type=\"widget\" data-settings=\"{&quot;step_next_label&quot;:&quot;Pr\\u00f3ximo&quot;,&quot;step_previous_label&quot;:&quot;Anterior&quot;,&quot;step_type&quot;:&quot;number_text&quot;,&quot;step_icon_shape&quot;:&quot;circle&quot;}\" data-widget_type=\"form.default\">\n\t\t\t\t<div class=\"elementor-widget-container\">\n\t\t\t\t\t<form class=\"elementor-form\" method=\"post\" name=\"Novo formul\u00e1rio\">\n\t\t\t<input type=\"hidden\" name=\"post_id\" value=\"25\"\/>\n\t\t\t<input type=\"hidden\" name=\"form_id\" value=\"4e01cbf\"\/>\n\t\t\t<input type=\"hidden\" name=\"referer_title\" value=\"LOCALIZA\u00c7\u00c3O\" \/>\n\n\t\t\t\t\t\t\t<input type=\"hidden\" name=\"queried_id\" value=\"25\"\/>\n\t\t\t\n\t\t\t<div class=\"elementor-form-fields-wrapper elementor-labels-above\">\n\t\t\t\t\t\t\t\t<div class=\"elementor-field-type-text elementor-field-group elementor-column elementor-field-group-name elementor-col-50\">\n\t\t\t\t\t\t\t\t\t\t\t\t\t<input size=\"1\" type=\"text\" name=\"form_fields[name]\" id=\"form-field-name\" class=\"elementor-field elementor-size-lg  elementor-field-textual\" placeholder=\"Nome\">\n\t\t\t\t\t\t\t\t\t\t\t<\/div>\n\t\t\t\t\t\t\t\t<div class=\"elementor-field-type-email elementor-field-group elementor-column elementor-field-group-email elementor-col-50 elementor-field-required\">\n\t\t\t\t\t\t\t\t\t\t\t\t\t<input size=\"1\" type=\"email\" name=\"form_fields[email]\" id=\"form-field-email\" class=\"elementor-field elementor-size-lg  elementor-field-textual\" placeholder=\"E-mail\" required=\"required\" aria-required=\"true\">\n\t\t\t\t\t\t\t\t\t\t\t<\/div>\n\t\t\t\t\t\t\t\t<div class=\"elementor-field-type-tel elementor-field-group elementor-column elementor-field-group-field_f02fbf8 elementor-col-50\">\n\t\t\t\t\t\t\t<input size=\"1\" type=\"tel\" name=\"form_fields[field_f02fbf8]\" id=\"form-field-field_f02fbf8\" class=\"elementor-field elementor-size-lg  elementor-field-textual\" placeholder=\"Telefone\" pattern=\"[0-9()#&amp;+*-=.]+\" title=\"Apenas n\u00fameros e caracteres de telefone (#, -, *, etc.) s\u00e3o aceitos.\">\n\n\t\t\t\t\t\t<\/div>\n\t\t\t\t\t\t\t\t<div class=\"elementor-field-type-text elementor-field-group elementor-column elementor-field-group-field_b73584e elementor-col-50\">\n\t\t\t\t\t\t\t\t\t\t\t\t\t<input size=\"1\" type=\"text\" name=\"form_fields[field_b73584e]\" id=\"form-field-field_b73584e\" class=\"elementor-field elementor-size-lg  elementor-field-textual\" placeholder=\"CEP\">\n\t\t\t\t\t\t\t\t\t\t\t<\/div>\n\t\t\t\t\t\t\t\t<div class=\"elementor-field-type-textarea elementor-field-group elementor-column elementor-field-group-message elementor-col-100\">\n\t\t\t\t\t<textarea class=\"elementor-field-textual elementor-field  elementor-size-lg\" name=\"form_fields[message]\" id=\"form-field-message\" rows=\"4\" placeholder=\"Mensagem\"><\/textarea>\t\t\t\t<\/div>\n\t\t\t\t\t\t\t\t<div class=\"elementor-field-type-recaptcha_v3 elementor-field-group elementor-column elementor-field-group-field_675a527 elementor-col-100 recaptcha_v3-bottomright\">\n\t\t\t\t\t<div class=\"elementor-field\" id=\"form-field-field_675a527\"><div class=\"elementor-g-recaptcha\" data-sitekey=\"6LeAsWQqAAAAADEu9tVpGg25vJ_N5BIamHg_En2k\" data-type=\"v3\" data-action=\"Form\" data-badge=\"bottomright\" data-size=\"invisible\"><\/div><\/div>\t\t\t\t<\/div>\n\t\t\t\t\t\t\t\t<div class=\"elementor-field-group elementor-column elementor-field-type-submit elementor-col-100 e-form__buttons\">\n\t\t\t\t\t<button class=\"elementor-button elementor-size-md\" type=\"submit\" id=\"button\">\n\t\t\t\t\t\t<span class=\"elementor-button-content-wrapper\">\n\t\t\t\t\t\t\t\t\t\t\t\t\t\t\t\t\t\t\t\t\t\t<span class=\"elementor-button-text\">Enviar<\/span>\n\t\t\t\t\t\t\t\t\t\t\t\t\t<\/span>\n\t\t\t\t\t<\/button>\n\t\t\t\t<\/div>\n\t\t\t<\/div>\n\t\t<\/form>\n\t\t\t\t<\/div>\n\t\t\t\t<\/div>\n\t\t\t\t\t<\/div>\n\t\t\t\t<\/div>\n\t\t<div class=\"elementor-element elementor-element-665a5e9 e-flex e-con-boxed wpr-particle-no wpr-jarallax-no wpr-parallax-no wpr-sticky-section-no e-con e-parent\" data-id=\"665a5e9\" data-element_type=\"container\">\n\t\t\t\t\t<div class=\"e-con-inner\">\n\t\t\t\t<div class=\"elementor-element elementor-element-f67ae02 elementor-widget__width-initial elementor-widget-mobile__width-initial elementor-fixed elementor-widget elementor-widget-image\" data-id=\"f67ae02\" data-element_type=\"widget\" data-settings=\"{&quot;_position&quot;:&quot;fixed&quot;}\" data-widget_type=\"image.default\">\n\t\t\t\t<div class=\"elementor-widget-container\">\n\t\t\t\t\t\t\t\t\t\t\t\t\t\t<a href=\"https:\/\/api.whatsapp.com\/send?phone=5511920389521\">\n\t\t\t\t\t\t\t<img decoding=\"async\" width=\"314\" height=\"53\" src=\"https:\/\/unionmotorcycles.com.br\/wp-content\/uploads\/2024\/09\/Group-431-4.svg\" class=\"elementor-animation-grow attachment-large size-large wp-image-3038\" alt=\"\" \/>\t\t\t\t\t\t\t\t<\/a>\n\t\t\t\t\t\t\t\t\t\t\t\t\t<\/div>\n\t\t\t\t<\/div>\n\t\t\t\t\t<\/div>\n\t\t\t\t<\/div>\n\t\t<div class=\"elementor-element elementor-element-44939899 e-con-full elementor-hidden-tablet e-flex wpr-particle-no wpr-jarallax-no wpr-parallax-no wpr-sticky-section-no e-con e-parent\" data-id=\"44939899\" data-element_type=\"container\" data-settings=\"{&quot;background_background&quot;:&quot;classic&quot;}\">\n\t\t<div class=\"elementor-element elementor-element-dfb7d32 e-flex e-con-boxed wpr-particle-no wpr-jarallax-no wpr-parallax-no wpr-sticky-section-no e-con e-child\" data-id=\"dfb7d32\" data-element_type=\"container\">\n\t\t\t\t\t<div class=\"e-con-inner\">\n\t\t<div class=\"elementor-element elementor-element-2d93ad7b e-con-full e-flex wpr-particle-no wpr-jarallax-no wpr-parallax-no wpr-sticky-section-no e-con e-child\" data-id=\"2d93ad7b\" data-element_type=\"container\">\n\t\t\t\t<div class=\"elementor-element elementor-element-63240c8b elementor-widget__width-initial elementor-widget elementor-widget-heading\" data-id=\"63240c8b\" data-element_type=\"widget\" data-widget_type=\"heading.default\">\n\t\t\t\t<div class=\"elementor-widget-container\">\n\t\t\t<h2 class=\"elementor-heading-title elementor-size-default\">UNION MOTORCYCLES\u00a0<\/h2>\t\t<\/div>\n\t\t\t\t<\/div>\n\t\t\t\t<div class=\"elementor-element elementor-element-34129360 elementor-widget__width-initial elementor-widget-laptop__width-initial elementor-widget elementor-widget-text-editor\" data-id=\"34129360\" data-element_type=\"widget\" id=\"cep2\" data-widget_type=\"text-editor.default\">\n\t\t\t\t<div class=\"elementor-widget-container\">\n\t\t\t\t\t\t\t<p>Rua Santa Justina, 504 &#8211; Vila Ol\u00edmpia,<br \/>S\u00e3o Paulo &#8211; SP &#8211; CEP: 04545-042 &#8211; Brasil.<\/p>\t\t\t\t\t\t<\/div>\n\t\t\t\t<\/div>\n\t\t\t\t<div class=\"elementor-element elementor-element-5876c765 elementor-widget__width-initial elementor-widget elementor-widget-text-editor\" data-id=\"5876c765\" data-element_type=\"widget\" data-widget_type=\"text-editor.default\">\n\t\t\t\t<div class=\"elementor-widget-container\">\n\t\t\t\t\t\t\t<p>Nosso hor\u00e1rio de atendimento:<\/p>\t\t\t\t\t\t<\/div>\n\t\t\t\t<\/div>\n\t\t\t\t<div class=\"elementor-element elementor-element-4d56053f elementor-widget__width-initial elementor-widget elementor-widget-text-editor\" data-id=\"4d56053f\" data-element_type=\"widget\" data-widget_type=\"text-editor.default\">\n\t\t\t\t<div class=\"elementor-widget-container\">\n\t\t\t\t\t\t\t<p>Segunda \u00e0 sexta-feira das 09h \u00e0s 18hs S\u00e1bado das 09h \u00e0s 13hs.<\/p>\t\t\t\t\t\t<\/div>\n\t\t\t\t<\/div>\n\t\t\t\t<\/div>\n\t\t\t\t\t<\/div>\n\t\t\t\t<\/div>\n\t\t<div class=\"elementor-element elementor-element-1de7f5d8 e-con-full e-flex wpr-particle-no wpr-jarallax-no wpr-parallax-no wpr-sticky-section-no e-con e-child\" data-id=\"1de7f5d8\" data-element_type=\"container\">\n\t\t\t\t<div class=\"elementor-element elementor-element-278867c2 elementor-widget elementor-widget-google_maps\" data-id=\"278867c2\" data-element_type=\"widget\" data-widget_type=\"google_maps.default\">\n\t\t\t\t<div class=\"elementor-widget-container\">\n\t\t\t\t\t<div class=\"elementor-custom-embed\">\n\t\t\t<iframe loading=\"lazy\"\n\t\t\t\t\tsrc=\"https:\/\/maps.google.com\/maps?q=R.%20Santa%20Justina%2C%20504%20-%20Vila%20Ol%C3%ADmpia%2C%20S%C3%A3o%20Paulo%20-%20SP%2C%2004545-042&#038;t=m&#038;z=17&#038;output=embed&#038;iwloc=near\"\n\t\t\t\t\ttitle=\"R. Santa Justina, 504 - Vila Ol\u00edmpia, S\u00e3o Paulo - SP, 04545-042\"\n\t\t\t\t\taria-label=\"R. Santa Justina, 504 - Vila Ol\u00edmpia, S\u00e3o Paulo - SP, 04545-042\"\n\t\t\t><\/iframe>\n\t\t<\/div>\n\t\t\t\t<\/div>\n\t\t\t\t<\/div>\n\t\t\t\t<\/div>\n\t\t\t\t<\/div>\n\t\t<div class=\"elementor-element elementor-element-76347c86 elementor-hidden-desktop elementor-hidden-laptop elementor-hidden-tablet_extra elementor-hidden-mobile e-flex e-con-boxed wpr-particle-no wpr-jarallax-no wpr-parallax-no wpr-sticky-section-no e-con e-parent\" data-id=\"76347c86\" data-element_type=\"container\">\n\t\t\t\t\t<div class=\"e-con-inner\">\n\t\t<div class=\"elementor-element elementor-element-146bcbcd e-con-full elementor-hidden-desktop elementor-hidden-laptop elementor-hidden-tablet_extra e-flex wpr-particle-no wpr-jarallax-no wpr-parallax-no wpr-sticky-section-no e-con e-child\" data-id=\"146bcbcd\" data-element_type=\"container\" data-settings=\"{&quot;background_background&quot;:&quot;classic&quot;}\">\n\t\t\t\t<div class=\"elementor-element elementor-element-299cb220 elementor-widget__width-initial elementor-widget elementor-widget-heading\" data-id=\"299cb220\" data-element_type=\"widget\" data-widget_type=\"heading.default\">\n\t\t\t\t<div class=\"elementor-widget-container\">\n\t\t\t<h2 class=\"elementor-heading-title elementor-size-default\">UNION MOTORCYCLES\u00a0<\/h2>\t\t<\/div>\n\t\t\t\t<\/div>\n\t\t\t\t<div class=\"elementor-element elementor-element-432ea5c elementor-widget__width-initial elementor-widget elementor-widget-text-editor\" data-id=\"432ea5c\" data-element_type=\"widget\" data-widget_type=\"text-editor.default\">\n\t\t\t\t<div class=\"elementor-widget-container\">\n\t\t\t\t\t\t\t<p>Rua Santa Justina, 504 &#8211; Vila Ol\u00edmpia,<br \/>S\u00e3o Paulo &#8211; SP<br \/>CEP: 04545-042.<br \/>Brasil.<\/p>\t\t\t\t\t\t<\/div>\n\t\t\t\t<\/div>\n\t\t\t\t<div class=\"elementor-element elementor-element-73d4b171 elementor-widget__width-initial elementor-widget elementor-widget-text-editor\" data-id=\"73d4b171\" data-element_type=\"widget\" data-widget_type=\"text-editor.default\">\n\t\t\t\t<div class=\"elementor-widget-container\">\n\t\t\t\t\t\t\t<div>\u00a0<\/div><p>Nosso hor\u00e1rio de atendimento:<\/p>\t\t\t\t\t\t<\/div>\n\t\t\t\t<\/div>\n\t\t\t\t<div class=\"elementor-element elementor-element-5a1c1e8d elementor-widget__width-initial elementor-widget elementor-widget-text-editor\" data-id=\"5a1c1e8d\" data-element_type=\"widget\" data-widget_type=\"text-editor.default\">\n\t\t\t\t<div class=\"elementor-widget-container\">\n\t\t\t\t\t\t\t<div>\u00a0<span style=\"color: var( --e-global-color-text );\">Segunda \u00e0 sexta-feira das 09h \u00e0s 18hs\u00a0 \u00a0 \u00a0 \u00a0 S\u00e1bado das 09h \u00e0s 13hs<\/span><\/div>\t\t\t\t\t\t<\/div>\n\t\t\t\t<\/div>\n\t\t\t\t<\/div>\n\t\t\t\t\t<\/div>\n\t\t\t\t<\/div>\n\t\t<div class=\"elementor-element elementor-element-2be48b9 e-con-full elementor-hidden-desktop elementor-hidden-laptop elementor-hidden-tablet_extra elementor-hidden-mobile e-flex wpr-particle-no wpr-jarallax-no wpr-parallax-no wpr-sticky-section-no e-con e-parent\" data-id=\"2be48b9\" data-element_type=\"container\">\n\t\t<div class=\"elementor-element elementor-element-ad29ed9 e-con-full e-flex wpr-particle-no wpr-jarallax-no wpr-parallax-no wpr-sticky-section-no e-con e-child\" data-id=\"ad29ed9\" data-element_type=\"container\">\n\t\t\t\t<div class=\"elementor-element elementor-element-8390526 elementor-widget elementor-widget-google_maps\" data-id=\"8390526\" data-element_type=\"widget\" data-widget_type=\"google_maps.default\">\n\t\t\t\t<div class=\"elementor-widget-container\">\n\t\t\t\t\t<div class=\"elementor-custom-embed\">\n\t\t\t<iframe loading=\"lazy\"\n\t\t\t\t\tsrc=\"https:\/\/maps.google.com\/maps?q=R.%20Santa%20Justina%2C%20504%20-%20Vila%20Ol%C3%ADmpia%2C%20S%C3%A3o%20Paulo%20-%20SP%2C%2004545-042&#038;t=m&#038;z=17&#038;output=embed&#038;iwloc=near\"\n\t\t\t\t\ttitle=\"R. Santa Justina, 504 - Vila Ol\u00edmpia, S\u00e3o Paulo - SP, 04545-042\"\n\t\t\t\t\taria-label=\"R. Santa Justina, 504 - Vila Ol\u00edmpia, S\u00e3o Paulo - SP, 04545-042\"\n\t\t\t><\/iframe>\n\t\t<\/div>\n\t\t\t\t<\/div>\n\t\t\t\t<\/div>\n\t\t\t\t<\/div>\n\t\t\t\t<\/div>\n\t\t\t\t<\/div>\n\t\t","protected":false},"excerpt":{"rendered":"<p>Rua santa justina, N.\u00ba 504vila ol\u00edmpia &#8211; s\u00e3o paulo Entre em contato conosco UNION MOTORCYCLES\u00a0 Rua Santa Justina, 504 &#8211; Vila Ol\u00edmpia,S\u00e3o Paulo &#8211; SP &#8211; CEP: 04545-042 &#8211; Brasil. Nosso hor\u00e1rio de atendimento: Segunda \u00e0 sexta-feira das 09h \u00e0s 18hs S\u00e1bado das 09h \u00e0s 13hs. UNION MOTORCYCLES\u00a0 Rua Santa Justina, 504 &#8211; Vila Ol\u00edmpia,S\u00e3o Paulo &#8211; SPCEP: 04545-042.Brasil. \u00a0 Nosso hor\u00e1rio de atendimento: \u00a0Segunda \u00e0 sexta-feira das 09h \u00e0s 18hs\u00a0 \u00a0 \u00a0 \u00a0 S\u00e1bado das 09h \u00e0s 13hs<\/p>\n","protected":false},"author":1,"featured_media":0,"parent":0,"menu_order":0,"comment_status":"closed","ping_status":"closed","template":"","meta":{"footnotes":""},"class_list":["post-25","page","type-page","status-publish","hentry"],"_links":{"self":[{"href":"https:\/\/unionmotorcycles.com.br\/index.php\/wp-json\/wp\/v2\/pages\/25","targetHints":{"allow":["GET"]}}],"collection":[{"href":"https:\/\/unionmotorcycles.com.br\/index.php\/wp-json\/wp\/v2\/pages"}],"about":[{"href":"https:\/\/unionmotorcycles.com.br\/index.php\/wp-json\/wp\/v2\/types\/page"}],"author":[{"embeddable":true,"href":"https:\/\/unionmotorcycles.com.br\/index.php\/wp-json\/wp\/v2\/users\/1"}],"replies":[{"embeddable":true,"href":"https:\/\/unionmotorcycles.com.br\/index.php\/wp-json\/wp\/v2\/comments?post=25"}],"version-history":[{"count":265,"href":"https:\/\/unionmotorcycles.com.br\/index.php\/wp-json\/wp\/v2\/pages\/25\/revisions"}],"predecessor-version":[{"id":5665,"href":"https:\/\/unionmotorcycles.com.br\/index.php\/wp-json\/wp\/v2\/pages\/25\/revisions\/5665"}],"wp:attachment":[{"href":"https:\/\/unionmotorcycles.com.br\/index.php\/wp-json\/wp\/v2\/media?parent=25"}],"curies":[{"name":"wp","href":"https:\/\/api.w.org\/{rel}","templated":true}]}}